{"id":36,"date":"2025-02-06T09:31:42","date_gmt":"2025-02-06T09:31:42","guid":{"rendered":"https:\/\/os2warp.be\/a-propos-de-nous\/"},"modified":"2025-02-06T14:55:56","modified_gmt":"2025-02-06T14:55:56","slug":"a-propos-de-nous","status":"publish","type":"page","link":"https:\/\/os2warp.be\/ro\/a-propos-de-nous\/","title":{"rendered":"Despre noi"},"content":{"rendered":"<h2>O perspectiv\u0103 proasp\u0103t\u0103 asupra modei<\/h2>\n<p>OS2Warp este un blog dedicat pasiona\u021bilor de mod\u0103 \u0219i celor care vor s\u0103-\u0219i afirme stilul cu originalitate. Aici, explor\u0103m tendin\u021bele, analiz\u0103m schimb\u0103rile din lumea vestimentar\u0103 \u0219i \u00eemp\u0103rt\u0103\u0219im sfaturi care s\u0103 te ajute s\u0103 creezi o garderob\u0103 care \u021bi se potrive\u0219te.<\/p>\n<p><img loading=\"lazy\" decoding=\"async\" class=\"aligncenter wp-image-35 size-full\" src=\"https:\/\/os2warp.be\/wp-content\/uploads\/2025\/02\/stilnaya-zhenshhina-ispolzuyushhaya-smartfon-i-nesushhaya-sumki-dlya-pokupok.jpg\" alt=\"\" width=\"612\" height=\"408\" srcset=\"https:\/\/os2warp.be\/wp-content\/uploads\/2025\/02\/stilnaya-zhenshhina-ispolzuyushhaya-smartfon-i-nesushhaya-sumki-dlya-pokupok.jpg 612w, https:\/\/os2warp.be\/wp-content\/uploads\/2025\/02\/stilnaya-zhenshhina-ispolzuyushhaya-smartfon-i-nesushhaya-sumki-dlya-pokupok-300x200.jpg 300w, https:\/\/os2warp.be\/wp-content\/uploads\/2025\/02\/stilnaya-zhenshhina-ispolzuyushhaya-smartfon-i-nesushhaya-sumki-dlya-pokupok-450x300.jpg 450w\" sizes=\"auto, (max-width: 612px) 100vw, 612px\" \/><\/p>\n<h2>De ce s\u0103 urma\u021bi OS2Warp?<\/h2>\n<ul>\n<li>Descifrarea tendin\u021belor \u0219i inspira\u021biilor \u00een mod\u0103.<\/li>\n<li>Ghiduri practice pentru a-\u021bi rafina stilul.<\/li>\n<li>Caut\u0103 idei pentru fiecare anotimp \u0219i ocazie.<\/li>\n<li>Concentreaz\u0103-te pe brandurile \u0219i designerii esen\u021biali.<\/li>\n<li>Analiza istoriei \u0219i evolu\u021biei \u00eembr\u0103c\u0103mintei.<\/li>\n<\/ul>\n<h2>Un spa\u021biu dedicat elegan\u021bei \u0219i creativit\u0103\u021bii<\/h2>\n<p>OS2Warp este mai mult dec\u00e2t un simplu blog: este o surs\u0103 de inspira\u021bie pentru oricine iube\u0219te moda \u0219i vrea s\u0103 exploreze noi moduri de a se \u00eembr\u0103ca. Urm\u0103re\u0219te-ne \u0219i las\u0103-\u021bi stilul s\u0103 str\u0103luceasc\u0103.<\/p>","protected":false},"excerpt":{"rendered":"<p>Un regard neuf sur la mode OS2Warp est un blog d\u00e9di\u00e9 aux passionn\u00e9s de mode et \u00e0 ceux qui veulent affirmer leur style avec originalit\u00e9. Ici,&#46;&#46;&#46;<\/p>","protected":false},"author":1,"featured_media":0,"parent":0,"menu_order":0,"comment_status":"closed","ping_status":"closed","template":"","meta":{"_acf_changed":false,"footnotes":""},"class_list":["post-36","page","type-page","status-publish","hentry"],"acf":[],"yoast_head":"<!-- This site is optimized with the Yoast SEO plugin v23.2 - https:\/\/yoast.com\/wordpress\/plugins\/seo\/ -->\n<title>\u00c0 propos de nous - os2warp.be<\/title>\n<meta name=\"description\" content=\"OS2Warp est un blog d\u00e9di\u00e9 \u00e0 la mode et aux v\u00eatements. D\u00e9couvrez les tendances, inspirations et conseils pour affirmer votre style.\" \/>\n<meta name=\"robots\" content=\"index, follow, max-snippet:-1, max-image-preview:large, max-video-preview:-1\" \/>\n<link rel=\"canonical\" href=\"https:\/\/os2warp.be\/ro\/a-propos-de-nous\/\" \/>\n<meta property=\"og:locale\" content=\"ro_RO\" \/>\n<meta property=\"og:type\" content=\"article\" \/>\n<meta property=\"og:title\" content=\"\u00c0 propos de nous - os2warp.be\" \/>\n<meta property=\"og:description\" content=\"OS2Warp est un blog d\u00e9di\u00e9 \u00e0 la mode et aux v\u00eatements. D\u00e9couvrez les tendances, inspirations et conseils pour affirmer votre style.\" \/>\n<meta property=\"og:url\" content=\"https:\/\/os2warp.be\/ro\/a-propos-de-nous\/\" \/>\n<meta property=\"og:site_name\" content=\"os2warp.be\" \/>\n<meta property=\"article:modified_time\" content=\"2025-02-06T14:55:56+00:00\" \/>\n<meta property=\"og:image\" content=\"https:\/\/os2warp.be\/wp-content\/uploads\/2025\/02\/stilnaya-zhenshhina-ispolzuyushhaya-smartfon-i-nesushhaya-sumki-dlya-pokupok.jpg\" \/>\n<meta name=\"twitter:card\" content=\"summary_large_image\" \/>\n<meta name=\"twitter:label1\" content=\"Timp estimat pentru citire\" \/>\n\t<meta name=\"twitter:data1\" content=\"2 minute\" \/>\n<script type=\"application\/ld+json\" class=\"yoast-schema-graph\">{\"@context\":\"https:\/\/schema.org\",\"@graph\":[{\"@type\":\"WebPage\",\"@id\":\"https:\/\/os2warp.be\/a-propos-de-nous\/\",\"url\":\"https:\/\/os2warp.be\/a-propos-de-nous\/\",\"name\":\"\u00c0 propos de nous - os2warp.be\",\"isPartOf\":{\"@id\":\"https:\/\/os2warp.be\/#website\"},\"primaryImageOfPage\":{\"@id\":\"https:\/\/os2warp.be\/a-propos-de-nous\/#primaryimage\"},\"image\":{\"@id\":\"https:\/\/os2warp.be\/a-propos-de-nous\/#primaryimage\"},\"thumbnailUrl\":\"https:\/\/os2warp.be\/wp-content\/uploads\/2025\/02\/stilnaya-zhenshhina-ispolzuyushhaya-smartfon-i-nesushhaya-sumki-dlya-pokupok.jpg\",\"datePublished\":\"2025-02-06T09:31:42+00:00\",\"dateModified\":\"2025-02-06T14:55:56+00:00\",\"description\":\"OS2Warp est un blog d\u00e9di\u00e9 \u00e0 la mode et aux v\u00eatements. D\u00e9couvrez les tendances, inspirations et conseils pour affirmer votre style.\",\"breadcrumb\":{\"@id\":\"https:\/\/os2warp.be\/a-propos-de-nous\/#breadcrumb\"},\"inLanguage\":\"ro-RO\",\"potentialAction\":[{\"@type\":\"ReadAction\",\"target\":[\"https:\/\/os2warp.be\/a-propos-de-nous\/\"]}]},{\"@type\":\"ImageObject\",\"inLanguage\":\"ro-RO\",\"@id\":\"https:\/\/os2warp.be\/a-propos-de-nous\/#primaryimage\",\"url\":\"https:\/\/os2warp.be\/wp-content\/uploads\/2025\/02\/stilnaya-zhenshhina-ispolzuyushhaya-smartfon-i-nesushhaya-sumki-dlya-pokupok.jpg\",\"contentUrl\":\"https:\/\/os2warp.be\/wp-content\/uploads\/2025\/02\/stilnaya-zhenshhina-ispolzuyushhaya-smartfon-i-nesushhaya-sumki-dlya-pokupok.jpg\"},{\"@type\":\"BreadcrumbList\",\"@id\":\"https:\/\/os2warp.be\/a-propos-de-nous\/#breadcrumb\",\"itemListElement\":[{\"@type\":\"ListItem\",\"position\":1,\"name\":\"Home\",\"item\":\"https:\/\/os2warp.be\/\"},{\"@type\":\"ListItem\",\"position\":2,\"name\":\"\u00c0 propos de nous\"}]},{\"@type\":\"WebSite\",\"@id\":\"https:\/\/os2warp.be\/#website\",\"url\":\"https:\/\/os2warp.be\/\",\"name\":\"os2warp.be\",\"description\":\"Style Unique: Exprimez votre personnalit\u00e9 \u00e0 travers une mode raffin\u00e9e et moderne.\",\"potentialAction\":[{\"@type\":\"SearchAction\",\"target\":{\"@type\":\"EntryPoint\",\"urlTemplate\":\"https:\/\/os2warp.be\/?s={search_term_string}\"},\"query-input\":\"required name=search_term_string\"}],\"inLanguage\":\"ro-RO\"}]}<\/script>\n<!-- \/ Yoast SEO plugin. -->","yoast_head_json":{"title":"\u00c0 propos de nous - os2warp.be","description":"OS2Warp est un blog d\u00e9di\u00e9 \u00e0 la mode et aux v\u00eatements. D\u00e9couvrez les tendances, inspirations et conseils pour affirmer votre style.","robots":{"index":"index","follow":"follow","max-snippet":"max-snippet:-1","max-image-preview":"max-image-preview:large","max-video-preview":"max-video-preview:-1"},"canonical":"https:\/\/os2warp.be\/ro\/a-propos-de-nous\/","og_locale":"ro_RO","og_type":"article","og_title":"\u00c0 propos de nous - os2warp.be","og_description":"OS2Warp est un blog d\u00e9di\u00e9 \u00e0 la mode et aux v\u00eatements. D\u00e9couvrez les tendances, inspirations et conseils pour affirmer votre style.","og_url":"https:\/\/os2warp.be\/ro\/a-propos-de-nous\/","og_site_name":"os2warp.be","article_modified_time":"2025-02-06T14:55:56+00:00","og_image":[{"url":"https:\/\/os2warp.be\/wp-content\/uploads\/2025\/02\/stilnaya-zhenshhina-ispolzuyushhaya-smartfon-i-nesushhaya-sumki-dlya-pokupok.jpg"}],"twitter_card":"summary_large_image","twitter_misc":{"Timp estimat pentru citire":"2 minute"},"schema":{"@context":"https:\/\/schema.org","@graph":[{"@type":"WebPage","@id":"https:\/\/os2warp.be\/a-propos-de-nous\/","url":"https:\/\/os2warp.be\/a-propos-de-nous\/","name":"\u00c0 propos de nous - os2warp.be","isPartOf":{"@id":"https:\/\/os2warp.be\/#website"},"primaryImageOfPage":{"@id":"https:\/\/os2warp.be\/a-propos-de-nous\/#primaryimage"},"image":{"@id":"https:\/\/os2warp.be\/a-propos-de-nous\/#primaryimage"},"thumbnailUrl":"https:\/\/os2warp.be\/wp-content\/uploads\/2025\/02\/stilnaya-zhenshhina-ispolzuyushhaya-smartfon-i-nesushhaya-sumki-dlya-pokupok.jpg","datePublished":"2025-02-06T09:31:42+00:00","dateModified":"2025-02-06T14:55:56+00:00","description":"OS2Warp est un blog d\u00e9di\u00e9 \u00e0 la mode et aux v\u00eatements. D\u00e9couvrez les tendances, inspirations et conseils pour affirmer votre style.","breadcrumb":{"@id":"https:\/\/os2warp.be\/a-propos-de-nous\/#breadcrumb"},"inLanguage":"ro-RO","potentialAction":[{"@type":"ReadAction","target":["https:\/\/os2warp.be\/a-propos-de-nous\/"]}]},{"@type":"ImageObject","inLanguage":"ro-RO","@id":"https:\/\/os2warp.be\/a-propos-de-nous\/#primaryimage","url":"https:\/\/os2warp.be\/wp-content\/uploads\/2025\/02\/stilnaya-zhenshhina-ispolzuyushhaya-smartfon-i-nesushhaya-sumki-dlya-pokupok.jpg","contentUrl":"https:\/\/os2warp.be\/wp-content\/uploads\/2025\/02\/stilnaya-zhenshhina-ispolzuyushhaya-smartfon-i-nesushhaya-sumki-dlya-pokupok.jpg"},{"@type":"BreadcrumbList","@id":"https:\/\/os2warp.be\/a-propos-de-nous\/#breadcrumb","itemListElement":[{"@type":"ListItem","position":1,"name":"Home","item":"https:\/\/os2warp.be\/"},{"@type":"ListItem","position":2,"name":"\u00c0 propos de nous"}]},{"@type":"WebSite","@id":"https:\/\/os2warp.be\/#website","url":"https:\/\/os2warp.be\/","name":"os2warp.be","description":"Style Unique: Exprimez votre personnalit\u00e9 \u00e0 travers une mode raffin\u00e9e et moderne.","potentialAction":[{"@type":"SearchAction","target":{"@type":"EntryPoint","urlTemplate":"https:\/\/os2warp.be\/?s={search_term_string}"},"query-input":"required name=search_term_string"}],"inLanguage":"ro-RO"}]}},"yoast_meta":{"yoast_wpseo_title":"","yoast_wpseo_metadesc":"","yoast_wpseo_canonical":"https:\/\/os2warp.be\/ro\/wp-json\/wp\/v2\/pages\/36"},"_links":{"self":[{"href":"https:\/\/os2warp.be\/ro\/wp-json\/wp\/v2\/pages\/36","targetHints":{"allow":["GET"]}}],"collection":[{"href":"https:\/\/os2warp.be\/ro\/wp-json\/wp\/v2\/pages"}],"about":[{"href":"https:\/\/os2warp.be\/ro\/wp-json\/wp\/v2\/types\/page"}],"author":[{"embeddable":true,"href":"https:\/\/os2warp.be\/ro\/wp-json\/wp\/v2\/users\/1"}],"replies":[{"embeddable":true,"href":"https:\/\/os2warp.be\/ro\/wp-json\/wp\/v2\/comments?post=36"}],"version-history":[{"count":1,"href":"https:\/\/os2warp.be\/ro\/wp-json\/wp\/v2\/pages\/36\/revisions"}],"predecessor-version":[{"id":45,"href":"https:\/\/os2warp.be\/ro\/wp-json\/wp\/v2\/pages\/36\/revisions\/45"}],"wp:attachment":[{"href":"https:\/\/os2warp.be\/ro\/wp-json\/wp\/v2\/media?parent=36"}],"curies":[{"name":"wp","href":"https:\/\/api.w.org\/{rel}","templated":true}]}}